{"id":117,"date":"2023-10-20T11:08:53","date_gmt":"2023-10-20T09:08:53","guid":{"rendered":"https:\/\/ceipalcalavenceslada.es\/?page_id=117"},"modified":"2025-11-11T12:39:19","modified_gmt":"2025-11-11T11:39:19","slug":"planes-y-proyectos","status":"publish","type":"page","link":"https:\/\/ceipalcalavenceslada.es\/?page_id=117","title":{"rendered":"Planes y proyectos"},"content":{"rendered":"\n<div class=\"wp-block-group has-border-color has-palette-color-8-background-color has-background is-vertical is-layout-flex wp-container-4 wp-block-group-is-layout-flex\" style=\"border-color:#7d50a8;border-width:5px;border-radius:10px\">\n<h2 class=\"wp-block-heading\">Planes y proyectos<\/h2>\n\n\n\n<div class=\"wp-block-columns is-layout-flex wp-container-3 wp-block-columns-is-layout-flex\">\n<div class=\"wp-block-column is-layout-flow wp-block-column-is-layout-flow\" style=\"flex-basis:66.66%\">\n<p>Actualmente en nuestro Centro se est\u00e1n desarrollando los siguientes planes y programas educativos:<\/p>\n\n\n\n<p><\/p>\n\n\n\n<ul>\n<li><strong>Biling\u00fcismo.<\/strong> Coordinador\/a: Lidia Serna Mart\u00ednez<\/li>\n\n\n\n<li><strong>Biblioteca.<\/strong> Coordinador\/a: Mar\u00eda Dolores&nbsp;Mena Guti\u00e9rrez<\/li>\n\n\n\n<li><strong>Escuela Espacio de Paz.<\/strong> Coordinador\/a: Virginia Mariscal<\/li>\n\n\n\n<li><strong>PROA. <\/strong>Coordinador\/a: Libertad L\u00f3pez Exp\u00f3sito&nbsp;<\/li>\n\n\n\n<li><strong>PROA+<\/strong>&#8211; Coordinadora : Libertad L\u00f3pez Exp\u00f3sito<\/li>\n\n\n\n<li><strong>Plan de Igualdad y Coeducaci\u00f3n. <\/strong>Coordinador\/a: Libertad L\u00f3pez Exp\u00f3sito\u00a0<\/li>\n\n\n\n<li><strong>Pacto de estado por la Violencia de G\u00e9nero. <\/strong>Coordinador\/a: Lidia Serna Mart\u00ednez&nbsp;<\/li>\n\n\n\n<li><strong>Redes sociales y p\u00e1gina web. <\/strong>Coordinador\/a: Lidia Serna Mart\u00ednez-Libertad L\u00f3pez exp\u00f3sito<\/li>\n\n\n\n<li><strong>Transformaci\u00f3n Digital Educativa TDE.<\/strong> Coordinador\/a: Eloy Siles Albao\u00a0\u00a0<\/li>\n\n\n\n<li><strong>H\u00e1bitos de vida saludable. <\/strong>Coordinador\/a: M\u00aa Isabel Castillo Alcal\u00e1\u00a0<\/li>\n\n\n\n<li><strong>Plan de Apoyo a las familias.<\/strong> Coordinador\/a: Libertad L\u00f3pez Exp\u00f3sito&nbsp;<\/li>\n\n\n\n<li><strong>PRACTICUM UJA.<\/strong> Coordinador\/a: Libertad L\u00f3pez Exp\u00f3sito&nbsp;&nbsp;<\/li>\n\n\n\n<li><strong>Compensatoria.<\/strong> Coordinador\/a: Libertad L\u00f3pez Exp\u00f3sito&nbsp;<\/li>\n\n\n\n<li><strong>Prevenci\u00f3n de Riesgos Laborales. <\/strong>Coordinador\/a: Libertad L\u00f3pez Exp\u00f3sito&nbsp;<\/li>\n\n\n\n<li><strong>+Equidad<\/strong>. Coordinadora: Libertad L\u00f3pez Exp\u00f3sito<\/li>\n<\/ul>\n<\/div>\n\n\n\n<div class=\"wp-block-column is-layout-flow wp-block-column-is-layout-flow\" style=\"flex-basis:33.33%\">\n<figure class=\"wp-block-image size-large is-resized\"><img decoding=\"async\" src=\"https:\/\/cdn.pixabay.com\/photo\/2020\/08\/16\/13\/44\/high-school-5492812_1280.png\" alt=\"\" style=\"aspect-ratio:0.66640625;width:508px;height:auto\"\/><\/figure>\n<\/div>\n<\/div>\n<\/div>\n","protected":false},"excerpt":{"rendered":"<p>Planes y proyectos Actualmente en nuestro Centro se est\u00e1n desarrollando los siguientes planes y programas educativos:<\/p>\n","protected":false},"author":1,"featured_media":0,"parent":0,"menu_order":0,"comment_status":"closed","ping_status":"closed","template":"","meta":{"footnotes":""},"blocksy_meta":[],"_links":{"self":[{"href":"https:\/\/ceipalcalavenceslada.es\/index.php?rest_route=\/wp\/v2\/pages\/117"}],"collection":[{"href":"https:\/\/ceipalcalavenceslada.es\/index.php?rest_route=\/wp\/v2\/pages"}],"about":[{"href":"https:\/\/ceipalcalavenceslada.es\/index.php?rest_route=\/wp\/v2\/types\/page"}],"author":[{"embeddable":true,"href":"https:\/\/ceipalcalavenceslada.es\/index.php?rest_route=\/wp\/v2\/users\/1"}],"replies":[{"embeddable":true,"href":"https:\/\/ceipalcalavenceslada.es\/index.php?rest_route=%2Fwp%2Fv2%2Fcomments&post=117"}],"version-history":[{"count":6,"href":"https:\/\/ceipalcalavenceslada.es\/index.php?rest_route=\/wp\/v2\/pages\/117\/revisions"}],"predecessor-version":[{"id":2129,"href":"https:\/\/ceipalcalavenceslada.es\/index.php?rest_route=\/wp\/v2\/pages\/117\/revisions\/2129"}],"wp:attachment":[{"href":"https:\/\/ceipalcalavenceslada.es\/index.php?rest_route=%2Fwp%2Fv2%2Fmedia&parent=117"}],"curies":[{"name":"wp","href":"https:\/\/api.w.org\/{rel}","templated":true}]}}