{"id":43,"date":"2023-10-17T18:29:59","date_gmt":"2023-10-17T16:29:59","guid":{"rendered":"https:\/\/ceipalcalavenceslada.es\/?page_id=43"},"modified":"2025-11-11T12:37:10","modified_gmt":"2025-11-11T11:37:10","slug":"claustro","status":"publish","type":"page","link":"https:\/\/ceipalcalavenceslada.es\/?page_id=43","title":{"rendered":"Claustro"},"content":{"rendered":"\n<div class=\"wp-block-group has-border-color has-white-background-color has-background is-layout-constrained wp-container-18 wp-block-group-is-layout-constrained\" style=\"border-color:#9c3ea5;border-width:5px;border-radius:10px;min-height:0px;margin-top:var(--wp--preset--spacing--50);margin-bottom:var(--wp--preset--spacing--50);padding-top:0;padding-right:0;padding-bottom:0;padding-left:0\">\n<div class=\"wp-block-group is-nowrap is-layout-flex wp-container-2 wp-block-group-is-layout-flex\">\n<div style=\"height:0px;width:450px\" aria-hidden=\"true\" class=\"wp-block-spacer wp-container-content-1\"><\/div>\n\n\n\n<h2 class=\"wp-block-heading\">Equipo Directivo 25-26<\/h2>\n<\/div>\n\n\n\n<div style=\"height:4px;width:0px\" aria-hidden=\"true\" class=\"wp-block-spacer\"><\/div>\n\n\n\n<div class=\"wp-block-group is-nowrap is-layout-flex wp-container-10 wp-block-group-is-layout-flex\">\n<div style=\"height:0px;width:140px\" aria-hidden=\"true\" class=\"wp-block-spacer wp-container-content-3\"><\/div>\n\n\n\n<div class=\"wp-block-group is-vertical is-content-justification-center is-layout-flex wp-container-4 wp-block-group-is-layout-flex\">\n<figure class=\"wp-block-image size-full is-resized is-style-rounded\"><img decoding=\"async\" loading=\"lazy\" width=\"187\" height=\"218\" src=\"https:\/\/ceipalcalavenceslada.es\/wp-content\/uploads\/2025\/11\/WhatsApp-Image-2025-11-10-at-13.42.36.jpeg\" alt=\"\" class=\"wp-image-2105\" style=\"aspect-ratio:0.8577981651376146;width:131px;height:auto\"\/><\/figure>\n\n\n\n<h5 class=\"wp-block-heading has-text-align-center\">Mar\u00eda Isabel Castillo<\/h5>\n\n\n\n<p class=\"has-text-align-center\">Secretaria<\/p>\n<\/div>\n\n\n\n<div style=\"height:0px;width:55px\" aria-hidden=\"true\" class=\"wp-block-spacer wp-container-content-5\"><\/div>\n\n\n\n<div class=\"wp-block-group is-vertical is-content-justification-center is-layout-flex wp-container-6 wp-block-group-is-layout-flex\">\n<figure class=\"wp-block-image size-full is-resized is-style-rounded\"><img decoding=\"async\" loading=\"lazy\" width=\"249\" height=\"249\" src=\"http:\/\/ceipalcalavenceslada.es\/wp-content\/uploads\/2023\/10\/241229999_229766212489257_5471023611062912688_n-1-e1698665286816.jpg\" alt=\"\" class=\"wp-image-392\" style=\"aspect-ratio:1;width:139px;height:auto\" srcset=\"https:\/\/ceipalcalavenceslada.es\/wp-content\/uploads\/2023\/10\/241229999_229766212489257_5471023611062912688_n-1-e1698665286816.jpg 249w, https:\/\/ceipalcalavenceslada.es\/wp-content\/uploads\/2023\/10\/241229999_229766212489257_5471023611062912688_n-1-e1698665286816-150x150.jpg 150w\" sizes=\"(max-width: 249px) 100vw, 249px\" \/><\/figure>\n\n\n\n<h5 class=\"wp-block-heading has-text-align-center\">Libertad L\u00f3pez Exp\u00f3sito<\/h5>\n\n\n\n<p class=\"has-text-align-center\">Directora<\/p>\n<\/div>\n\n\n\n<div style=\"height:0px;width:55px\" aria-hidden=\"true\" class=\"wp-block-spacer wp-container-content-7\"><\/div>\n\n\n\n<div class=\"wp-block-group is-vertical is-content-justification-center is-layout-flex wp-container-8 wp-block-group-is-layout-flex\">\n<figure class=\"wp-block-image size-full is-resized is-style-rounded\"><img decoding=\"async\" loading=\"lazy\" width=\"267\" height=\"280\" src=\"https:\/\/ceipalcalavenceslada.es\/wp-content\/uploads\/2025\/11\/WhatsApp-Image-2025-11-10-at-13.43.25.jpeg\" alt=\"\" class=\"wp-image-2106\" style=\"aspect-ratio:0.9535714285714286;width:145px;height:auto\"\/><\/figure>\n\n\n\n<h5 class=\"wp-block-heading has-text-align-center\">Lidia Serna Mart\u00ednez<\/h5>\n\n\n\n<p class=\"has-text-align-center\">Jefa de Estudios<\/p>\n<\/div>\n\n\n\n<div style=\"height:0px;width:140px\" aria-hidden=\"true\" class=\"wp-block-spacer wp-container-content-9\"><\/div>\n<\/div>\n\n\n\n<div style=\"height:26px;width:0px\" aria-hidden=\"true\" class=\"wp-block-spacer\"><\/div>\n\n\n\n<div class=\"wp-block-group is-nowrap is-layout-flex wp-container-12 wp-block-group-is-layout-flex\">\n<div style=\"height:0px;width:520px\" aria-hidden=\"true\" class=\"wp-block-spacer wp-container-content-11\"><\/div>\n\n\n\n<h2 class=\"wp-block-heading has-text-align-center\">Claustro 25-26<\/h2>\n\n\n\n<p><\/p>\n<\/div>\n\n\n\n<div style=\"height:24px;width:0px\" aria-hidden=\"true\" class=\"wp-block-spacer\"><\/div>\n\n\n\n<div class=\"wp-block-group is-nowrap is-layout-flex wp-container-15 wp-block-group-is-layout-flex\">\n<div style=\"height:0px;width:140px\" aria-hidden=\"true\" class=\"wp-block-spacer wp-container-content-13\"><\/div>\n\n\n\n<div style=\"height:0px;width:140px\" aria-hidden=\"true\" class=\"wp-block-spacer wp-container-content-14\"><\/div>\n<\/div>\n\n\n\n<div style=\"height:24px;width:0px\" aria-hidden=\"true\" class=\"wp-block-spacer\"><\/div>\n\n\n\n<div style=\"height:24px;width:0px\" aria-hidden=\"true\" class=\"wp-block-spacer\"><\/div>\n\n\n\n<div class=\"wp-block-group is-nowrap is-layout-flex wp-container-17 wp-block-group-is-layout-flex\">\n<div style=\"height:0px;width:500px\" aria-hidden=\"true\" class=\"wp-block-spacer wp-container-content-16\"><\/div>\n<\/div>\n\n\n\n<div style=\"height:24px;width:0px\" aria-hidden=\"true\" class=\"wp-block-spacer\"><\/div>\n\n\n\n<p class=\"has-medium-font-size\">Manuel Aguilar Valdivia- PT Aula  espec\u00edfica<\/p>\n\n\n\n<p class=\"has-medium-font-size\">Rosario Torrecillas Rodr\u00edguez- Tutora I3<\/p>\n\n\n\n<p class=\"has-medium-font-size\">Virginia Mariscal Hern\u00e1ndez- Tutora I4<\/p>\n\n\n\n<p class=\"has-medium-font-size\">Mar\u00eda Jes\u00fas Melero Cano- Tutora I5<\/p>\n\n\n\n<p class=\"has-medium-font-size\">Eloy Siles Albao- Tutor\u00eda 1\u00ba<\/p>\n\n\n\n<p class=\"has-medium-font-size\">David Linares Palomino- Tutor\u00eda 2\u00ba<\/p>\n\n\n\n<p class=\"has-medium-font-size\">Jorge Cruz de la Torre- Tutor\u00eda 3\u00ba<\/p>\n\n\n\n<p class=\"has-medium-font-size\">Mariola Mena Guti\u00e9rrez- Tutor\u00eda 4\u00ba<\/p>\n\n\n\n<p class=\"has-medium-font-size\">Sara Cabrera Romera- Tutor\u00eda 5\u00ba<\/p>\n\n\n\n<p class=\"has-medium-font-size\">Esa\u00fa Rodr\u00edguez Delgado-Tutor\u00eda 6\u00ba<\/p>\n\n\n\n<p class=\"has-medium-font-size\">Rosa Mar\u00eda \u00c1lvarez Garc\u00eda- Especialista ingl\u00e9s<\/p>\n\n\n\n<p class=\"has-medium-font-size\">Rosa Mar\u00eda Li\u00e9bana Castellano- Especialista religi\u00f3n cat\u00f3lica<\/p>\n\n\n\n<p class=\"has-medium-font-size\">Juana Moral Molina- Religi\u00f3n Evang\u00e9lica<\/p>\n\n\n\n<p class=\"has-medium-font-size\">Trinidad Guti\u00e9rrez Sanju\u00e1n- Especialista PT<\/p>\n\n\n\n<p class=\"has-medium-font-size\">Mar\u00eda Rosario del R\u00edo Guirado- Programa ZTS<\/p>\n\n\n\n<p class=\"has-medium-font-size\">Mar\u00eda del Carmen Moris- Orientadora<\/p>\n\n\n\n<p class=\"has-medium-font-size\">Eugenia Gonz\u00e1lez- AL<\/p>\n\n\n\n<p class=\"has-medium-font-size\">Justo Casas- PTIS<\/p>\n\n\n\n<p class=\"has-medium-font-size\">Jose Luis Cordoba- Isabel Cano- Administraci\u00f3n<\/p>\n\n\n\n<p class=\"has-medium-font-size\">Juan Sede\u00f1o- Monitor infantil<\/p>\n\n\n\n<p><\/p>\n<\/div>\n","protected":false},"excerpt":{"rendered":"<p>Equipo Directivo 25-26 Mar\u00eda Isabel Castillo Secretaria Libertad L\u00f3pez Exp\u00f3sito Directora Lidia Serna Mart\u00ednez Jefa de Estudios Claustro 25-26 Manuel Aguilar Valdivia- PT Aula espec\u00edfica Rosario Torrecillas Rodr\u00edguez- Tutora I3 Virginia Mariscal Hern\u00e1ndez- Tutora I4 Mar\u00eda Jes\u00fas Melero Cano- Tutora I5 Eloy Siles Albao- Tutor\u00eda 1\u00ba David Linares Palomino- Tutor\u00eda 2\u00ba Jorge Cruz de la [&hellip;]<\/p>\n","protected":false},"author":1,"featured_media":0,"parent":0,"menu_order":0,"comment_status":"closed","ping_status":"closed","template":"","meta":{"footnotes":""},"blocksy_meta":[],"_links":{"self":[{"href":"https:\/\/ceipalcalavenceslada.es\/index.php?rest_route=\/wp\/v2\/pages\/43"}],"collection":[{"href":"https:\/\/ceipalcalavenceslada.es\/index.php?rest_route=\/wp\/v2\/pages"}],"about":[{"href":"https:\/\/ceipalcalavenceslada.es\/index.php?rest_route=\/wp\/v2\/types\/page"}],"author":[{"embeddable":true,"href":"https:\/\/ceipalcalavenceslada.es\/index.php?rest_route=\/wp\/v2\/users\/1"}],"replies":[{"embeddable":true,"href":"https:\/\/ceipalcalavenceslada.es\/index.php?rest_route=%2Fwp%2Fv2%2Fcomments&post=43"}],"version-history":[{"count":74,"href":"https:\/\/ceipalcalavenceslada.es\/index.php?rest_route=\/wp\/v2\/pages\/43\/revisions"}],"predecessor-version":[{"id":2127,"href":"https:\/\/ceipalcalavenceslada.es\/index.php?rest_route=\/wp\/v2\/pages\/43\/revisions\/2127"}],"wp:attachment":[{"href":"https:\/\/ceipalcalavenceslada.es\/index.php?rest_route=%2Fwp%2Fv2%2Fmedia&parent=43"}],"curies":[{"name":"wp","href":"https:\/\/api.w.org\/{rel}","templated":true}]}}