{"id":48,"date":"2023-10-17T18:29:59","date_gmt":"2023-10-17T16:29:59","guid":{"rendered":"https:\/\/ceipalcalavenceslada.es\/?page_id=48"},"modified":"2024-06-14T09:37:08","modified_gmt":"2024-06-14T07:37:08","slug":"ampa","status":"publish","type":"page","link":"https:\/\/ceipalcalavenceslada.es\/?page_id=48","title":{"rendered":"AMPA"},"content":{"rendered":"\n<p>Ampa las Eras es la Asociaci\u00f3n de Madres y Padres del Colegio Alcal\u00e1 Venceslada. Una AMPA es una organizaci\u00f3n muy importante dentro de la organizaci\u00f3n de un colegio y en el caso de Las Eras somos un colectivo que llevamos trabajando mucho y bien durante d\u00e9cadas en este centro.<\/p>\n\n\n\n<p>NUESTROS OBJETIVOS:<\/p>\n\n\n\n<p>\u2192 Apoyar a la escuela para resolver conflictos, organizar actividades, ofrecer formaci\u00f3n, informar a las familias y representarlas en el Consejo Escolar y ante las administraciones.<\/p>\n\n\n\n<p>\u2192 Apoyamos a las familias con dificultades y servimos de v\u00ednculo con servicios sociales.<\/p>\n\n\n\n<p>\u2192 Colaboramos en las actividades educativas y promovemos que los padres participen en la gesti\u00f3n del centro.<\/p>\n\n\n\n<p>SOMOS UNA ENTIDAD SIN ANIMO DE LUCRO.<\/p>\n\n\n\n<p>Todos los a\u00f1os se presentan las cuentas que son aprobadas por los soci@s. Todo lo recaudado por la AMPA va reinvertido en TODO EL ALUMNADO DEL COLEGIO. Adem\u00e1s nuestros asociad@s tienen beneficios extras con descuentos en actividades que se organicen por el colegio o por la propia AMPA.<\/p>\n\n\n\n<p>\u00bfCOMO HACERSE SOCIO?.<\/p>\n\n\n\n<p>Es importante que un colegio tenga una AMPA fuerte. Es por ello que os pedimos que os asoci\u00e9is. Los interesados s\u00f3lo ten\u00e9is que poneros en contacto con la AMPA a trav\u00e9s de nuestro correo electr\u00f3nico ampalaseras.alcalavenceslada@gmail.com o bien dirigirse a secretar\u00eda del Colegio donde os facilitaran nuestro contacto.<\/p>\n\n\n\n<p>La cuota es de s\u00f3lo 15 euros al a\u00f1o. Realizando ese pago se beneficiar\u00e1n de las ventajas TODOS LOS MIEMBROS DE LA UNIDAD FAMILAR, Es decir por s\u00f3lo 15 euros al a\u00f1o los padres, madres o turores junto con todos los hijos que est\u00e9n en el colegio se beneficiaran de las ventajas de ser socio.<\/p>\n\n\n\n<p>\u00bfQUE HEMOS HECHO EN LA AMPA?<\/p>\n\n\n\n<p>Enumerar todo lo que esta AMPA ha hecho llenar\u00edamos much\u00edsimas p\u00e1ginas. Pero aqu\u00ed van s\u00f3lo algunos ejemplos de lo que hemos hecho.<\/p>\n\n\n\n<p>1.- Compra de Pizarras digitales para las clases de nuestros hijos<\/p>\n\n\n\n<p>2.- Ayudas al viaje de fin de curso<\/p>\n\n\n\n<p>3.- Iniciativas culturales como \u201cUN DIBUJO .. 1 KILO DE SOLIDARIDAD\u201d. Actividad esta en la que la AMPA entreg\u00f3 1 kilo de alimentos o de art\u00edculos de primera necesidad por cada dibujo solidario que el alumnado entreg\u00f3. El beneficiario fue el Comedor Social de San Roque de nuestro Barrio<\/p>\n\n\n\n<p>4.- Organizaci\u00f3n del taller \u201cEl Teatro de las emociones\u201d como actividad extraescolar.<\/p>\n\n\n\n<p>5.- Viajes culturales y de conciencia medioambiental como la visita a una finca ecol\u00f3gica, viaje al Aula de la Miner\u00eda en La Carolina, al Rio Campana, Desplazamiento al Cerro de Santa Catalina para plantar arboles, Visita a la casa de Papa Noel o recorrido por encinares y pinares para la recolecci\u00f3n de setas\u2026 etc etc<\/p>\n\n\n\n<p>6.- Organizaci\u00f3n de talleres como el de t\u00e9cnica de estudios para nuestros hijos e hijas, talleres del mundo Fungi (hongos y setas) talleres de lectura o sobre la igualdad, entre otros<\/p>\n\n\n\n<p>7.- Colaboramos cada a\u00f1o en todas las efem\u00e9rides que el colegio celebra; D\u00eda de la mujer, D\u00eda de la Paz, D\u00eda de la Constituci\u00f3n, D\u00eda de Andaluc\u00eda con el reparto del boyo con aceite y tomate, fiestas de fin de curso etc etc<\/p>\n\n\n\n<p>8.- Cada a\u00f1o nos encargamos de comprar las bandas de las graduaciones de los cursos de sexto y 5 a\u00f1os de infantil. Adem\u00e1s organizamos la fiesta de Navidad con a llegada de sus Majestades los Reyes magos, organizamos la fiesta de Halloween y colaboramos en la compra de regalos y premios en los diferentes cert\u00e1menes de redacci\u00f3n de poemas o Copocuentos que organiza el centro.<\/p>\n\n\n\n<p>9.- Gestionamos la apertura semanal todos los lunes de la biblioteca del colegio<\/p>\n\n\n\n<p>10.- \u00a1\u00a1\u00a1\u00a1\u00a1\u00a1\u00a1Y MUCHAS M\u00c1S COSAS QUE HEMOS HECHO Y OTRAS MUCHAS MAS NUEVAS QUE IREMOS HACIENDO!!!!<\/p>\n\n\n\n<p>Por todo ello os pedimos colaboraci\u00f3n y necesitamos a gente que quiera aportar sus ideas y su colaboraci\u00f3n\u2026 \u00a1\u00a1\u00a1As\u00f3ciate y danos tus ideas que ser\u00e1n bien recibidas!!!<\/p>\n\n\n\n<p><a href=\"https:\/\/www.facebook.com\/Ampalaseras\/?locale=es_ES\">https:\/\/www.facebook.com\/Ampalaseras\/?locale=es_ES<\/a><\/p>\n\n\n\n<div class=\"wp-block-group has-border-color has-white-background-color has-background is-vertical is-layout-flex wp-container-3 wp-block-group-is-layout-flex\" style=\"border-color:#7f46b5;border-width:5px;border-radius:10px\">\n<h2 class=\"wp-block-heading\">Escape Room por el Medio Ambiente<\/h2>\n\n\n\n<p>El pasado d\u00eda 10 de junio, las familias y alumnado disfrutamos de una tarde muy divertida gracias a la actividad que organiz\u00f3 el Ampa &#8220;Las Eras&#8221;, el primer Escape Room de Medio Ambiente. Con actividades divertidas e ingeniosas. Una tarde de convivencia para despedir este curso. Agradecemos al colegio el habernos permitido el acceso a las instalaciones y las facilidades que nos dieron para llevar a cabo esta actividad.<\/p>\n\n\n\n<figure class=\"wp-block-gallery has-nested-images columns-default is-cropped wp-block-gallery-1 is-layout-flex wp-block-gallery-is-layout-flex\">\n<figure class=\"wp-block-image size-large\"><img decoding=\"async\" loading=\"lazy\" width=\"1024\" height=\"768\" src=\"https:\/\/ceipalcalavenceslada.es\/wp-content\/uploads\/2024\/06\/WhatsApp-Image-2024-06-10-at-17.58.39-1-1024x768.jpeg\" alt=\"\" class=\"wp-image-1609\" srcset=\"https:\/\/ceipalcalavenceslada.es\/wp-content\/uploads\/2024\/06\/WhatsApp-Image-2024-06-10-at-17.58.39-1-1024x768.jpeg 1024w, https:\/\/ceipalcalavenceslada.es\/wp-content\/uploads\/2024\/06\/WhatsApp-Image-2024-06-10-at-17.58.39-1-300x225.jpeg 300w, https:\/\/ceipalcalavenceslada.es\/wp-content\/uploads\/2024\/06\/WhatsApp-Image-2024-06-10-at-17.58.39-1-768x576.jpeg 768w, https:\/\/ceipalcalavenceslada.es\/wp-content\/uploads\/2024\/06\/WhatsApp-Image-2024-06-10-at-17.58.39-1-1536x1152.jpeg 1536w, https:\/\/ceipalcalavenceslada.es\/wp-content\/uploads\/2024\/06\/WhatsApp-Image-2024-06-10-at-17.58.39-1.jpeg 1600w\" sizes=\"(max-width: 1024px) 100vw, 1024px\" \/><\/figure>\n\n\n\n<figure class=\"wp-block-image size-large\"><img decoding=\"async\" loading=\"lazy\" width=\"1024\" height=\"768\" src=\"https:\/\/ceipalcalavenceslada.es\/wp-content\/uploads\/2024\/06\/WhatsApp-Image-2024-06-10-at-18.13.56-1-1024x768.jpeg\" alt=\"\" class=\"wp-image-1610\" srcset=\"https:\/\/ceipalcalavenceslada.es\/wp-content\/uploads\/2024\/06\/WhatsApp-Image-2024-06-10-at-18.13.56-1-1024x768.jpeg 1024w, https:\/\/ceipalcalavenceslada.es\/wp-content\/uploads\/2024\/06\/WhatsApp-Image-2024-06-10-at-18.13.56-1-300x225.jpeg 300w, https:\/\/ceipalcalavenceslada.es\/wp-content\/uploads\/2024\/06\/WhatsApp-Image-2024-06-10-at-18.13.56-1-768x576.jpeg 768w, https:\/\/ceipalcalavenceslada.es\/wp-content\/uploads\/2024\/06\/WhatsApp-Image-2024-06-10-at-18.13.56-1-1536x1152.jpeg 1536w, https:\/\/ceipalcalavenceslada.es\/wp-content\/uploads\/2024\/06\/WhatsApp-Image-2024-06-10-at-18.13.56-1.jpeg 1600w\" sizes=\"(max-width: 1024px) 100vw, 1024px\" \/><\/figure>\n\n\n\n<figure class=\"wp-block-image size-large\"><img decoding=\"async\" loading=\"lazy\" width=\"768\" height=\"1024\" src=\"https:\/\/ceipalcalavenceslada.es\/wp-content\/uploads\/2024\/06\/WhatsApp-Image-2024-06-10-at-18.15.59-1-768x1024.jpeg\" alt=\"\" class=\"wp-image-1611\" srcset=\"https:\/\/ceipalcalavenceslada.es\/wp-content\/uploads\/2024\/06\/WhatsApp-Image-2024-06-10-at-18.15.59-1-768x1024.jpeg 768w, https:\/\/ceipalcalavenceslada.es\/wp-content\/uploads\/2024\/06\/WhatsApp-Image-2024-06-10-at-18.15.59-1-225x300.jpeg 225w, https:\/\/ceipalcalavenceslada.es\/wp-content\/uploads\/2024\/06\/WhatsApp-Image-2024-06-10-at-18.15.59-1-1152x1536.jpeg 1152w, https:\/\/ceipalcalavenceslada.es\/wp-content\/uploads\/2024\/06\/WhatsApp-Image-2024-06-10-at-18.15.59-1.jpeg 1200w\" sizes=\"(max-width: 768px) 100vw, 768px\" \/><\/figure>\n\n\n\n<figure class=\"wp-block-image size-large\"><img decoding=\"async\" loading=\"lazy\" width=\"540\" height=\"1024\" src=\"https:\/\/ceipalcalavenceslada.es\/wp-content\/uploads\/2024\/06\/WhatsApp-Image-2024-06-13-at-21.39.20-1-540x1024.jpeg\" alt=\"\" class=\"wp-image-1612\" srcset=\"https:\/\/ceipalcalavenceslada.es\/wp-content\/uploads\/2024\/06\/WhatsApp-Image-2024-06-13-at-21.39.20-1-540x1024.jpeg 540w, https:\/\/ceipalcalavenceslada.es\/wp-content\/uploads\/2024\/06\/WhatsApp-Image-2024-06-13-at-21.39.20-1-158x300.jpeg 158w, https:\/\/ceipalcalavenceslada.es\/wp-content\/uploads\/2024\/06\/WhatsApp-Image-2024-06-13-at-21.39.20-1.jpeg 551w\" sizes=\"(max-width: 540px) 100vw, 540px\" \/><\/figure>\n\n\n\n<figure class=\"wp-block-image size-large\"><img decoding=\"async\" loading=\"lazy\" width=\"363\" height=\"1024\" src=\"https:\/\/ceipalcalavenceslada.es\/wp-content\/uploads\/2024\/06\/WhatsApp-Image-2024-06-13-at-21.39.45-1-363x1024.jpeg\" alt=\"\" class=\"wp-image-1613\" srcset=\"https:\/\/ceipalcalavenceslada.es\/wp-content\/uploads\/2024\/06\/WhatsApp-Image-2024-06-13-at-21.39.45-1-363x1024.jpeg 363w, https:\/\/ceipalcalavenceslada.es\/wp-content\/uploads\/2024\/06\/WhatsApp-Image-2024-06-13-at-21.39.45-1-106x300.jpeg 106w, https:\/\/ceipalcalavenceslada.es\/wp-content\/uploads\/2024\/06\/WhatsApp-Image-2024-06-13-at-21.39.45-1.jpeg 404w\" sizes=\"(max-width: 363px) 100vw, 363px\" \/><\/figure>\n\n\n\n<figure class=\"wp-block-image size-large\"><img decoding=\"async\" loading=\"lazy\" width=\"771\" height=\"1024\" src=\"https:\/\/ceipalcalavenceslada.es\/wp-content\/uploads\/2024\/06\/WhatsApp-Image-2024-06-13-at-21.39.56-1-771x1024.jpeg\" alt=\"\" class=\"wp-image-1614\" srcset=\"https:\/\/ceipalcalavenceslada.es\/wp-content\/uploads\/2024\/06\/WhatsApp-Image-2024-06-13-at-21.39.56-1-771x1024.jpeg 771w, https:\/\/ceipalcalavenceslada.es\/wp-content\/uploads\/2024\/06\/WhatsApp-Image-2024-06-13-at-21.39.56-1-226x300.jpeg 226w, https:\/\/ceipalcalavenceslada.es\/wp-content\/uploads\/2024\/06\/WhatsApp-Image-2024-06-13-at-21.39.56-1-768x1021.jpeg 768w, https:\/\/ceipalcalavenceslada.es\/wp-content\/uploads\/2024\/06\/WhatsApp-Image-2024-06-13-at-21.39.56-1-1156x1536.jpeg 1156w, https:\/\/ceipalcalavenceslada.es\/wp-content\/uploads\/2024\/06\/WhatsApp-Image-2024-06-13-at-21.39.56-1.jpeg 1204w\" sizes=\"(max-width: 771px) 100vw, 771px\" \/><\/figure>\n<\/figure>\n<\/div>\n","protected":false},"excerpt":{"rendered":"<p>Ampa las Eras es la Asociaci\u00f3n de Madres y Padres del Colegio Alcal\u00e1 Venceslada. Una AMPA es una organizaci\u00f3n muy importante dentro de la organizaci\u00f3n de un colegio y en el caso de Las Eras somos un colectivo que llevamos trabajando mucho y bien durante d\u00e9cadas en este centro. NUESTROS OBJETIVOS: \u2192 Apoyar a la [&hellip;]<\/p>\n","protected":false},"author":1,"featured_media":0,"parent":0,"menu_order":0,"comment_status":"closed","ping_status":"closed","template":"","meta":{"footnotes":""},"blocksy_meta":[],"_links":{"self":[{"href":"https:\/\/ceipalcalavenceslada.es\/index.php?rest_route=\/wp\/v2\/pages\/48"}],"collection":[{"href":"https:\/\/ceipalcalavenceslada.es\/index.php?rest_route=\/wp\/v2\/pages"}],"about":[{"href":"https:\/\/ceipalcalavenceslada.es\/index.php?rest_route=\/wp\/v2\/types\/page"}],"author":[{"embeddable":true,"href":"https:\/\/ceipalcalavenceslada.es\/index.php?rest_route=\/wp\/v2\/users\/1"}],"replies":[{"embeddable":true,"href":"https:\/\/ceipalcalavenceslada.es\/index.php?rest_route=%2Fwp%2Fv2%2Fcomments&post=48"}],"version-history":[{"count":3,"href":"https:\/\/ceipalcalavenceslada.es\/index.php?rest_route=\/wp\/v2\/pages\/48\/revisions"}],"predecessor-version":[{"id":1616,"href":"https:\/\/ceipalcalavenceslada.es\/index.php?rest_route=\/wp\/v2\/pages\/48\/revisions\/1616"}],"wp:attachment":[{"href":"https:\/\/ceipalcalavenceslada.es\/index.php?rest_route=%2Fwp%2Fv2%2Fmedia&parent=48"}],"curies":[{"name":"wp","href":"https:\/\/api.w.org\/{rel}","templated":true}]}}